{"id":1318,"date":"2024-11-07T17:41:51","date_gmt":"2024-11-07T17:41:51","guid":{"rendered":"https:\/\/generalpunt.live-website.com\/about\/"},"modified":"2024-11-27T10:21:29","modified_gmt":"2024-11-27T10:21:29","slug":"sobre-nosotros","status":"publish","type":"page","link":"https:\/\/generalpunt.com\/es_es\/sobre-nosotros\/","title":{"rendered":"Sobre nosotros"},"content":{"rendered":"\t\t<div data-elementor-type=\"wp-page\" data-elementor-id=\"1318\" class=\"elementor elementor-1318\">\n\t\t\t\t<div class=\"elementor-element elementor-element-dcfb448 e-flex e-con-boxed e-con e-parent\" data-id=\"dcfb448\" data-element_type=\"container\" data-settings=\"{&quot;background_background&quot;:&quot;classic&quot;}\">\n\t\t\t\t\t<div class=\"e-con-inner\">\n\t\t<div class=\"elementor-element elementor-element-d21b7e0 e-flex e-con-boxed e-con e-child\" data-id=\"d21b7e0\" data-element_type=\"container\">\n\t\t\t\t\t<div class=\"e-con-inner\">\n\t\t\t\t\t<\/div>\n\t\t\t\t<\/div>\n\t\t\t\t\t<\/div>\n\t\t\t\t<\/div>\n\t\t<div class=\"elementor-element elementor-element-36b0b2a e-flex e-con-boxed e-con e-parent\" data-id=\"36b0b2a\" data-element_type=\"container\">\n\t\t\t\t\t<div class=\"e-con-inner\">\n\t\t\t\t<div class=\"elementor-element elementor-element-0ec1386 elementor-widget elementor-widget-text-editor\" data-id=\"0ec1386\" data-element_type=\"widget\" data-widget_type=\"text-editor.default\">\n\t\t\t\t<div class=\"elementor-widget-container\">\n\t\t\t\t\t\t\t<p><span style=\"text-decoration: underline; color: #0000ff;\"><strong>HISTORIA<\/strong><\/span><\/p><p><span style=\"color: #0000ff;\">Nuestro pasado se remonta a un pueblo llamado la Palma del Condado, all\u00ed el Sr. Eloy Ruiz<\/span><br \/><span style=\"color: #0000ff;\">L\u00f3pez (nuestro padre), comenz\u00f3 con su t\u00edo Gregorio L\u00f3pez Gal\u00e1n y con muy temprana edad <\/span><br \/><span style=\"color: #0000ff;\">al aprendizaje de la venta al p\u00fablico de todo tipo de tejidos, ropa interior, toallas, &#8230; en una<\/span><br \/><span style=\"color: #0000ff;\">\u00e9poca muy dura y de much\u00edsimo trabajo.<\/span><br \/><span style=\"color: #0000ff;\">M\u00e1s adelante y traslad\u00e1ndose a Barcelona, sigui\u00f3 su aprendizaje en Almacenes Everest,<\/span><br \/><span style=\"color: #0000ff;\">situado en la Calle Hospital, 9.<\/span><br \/><span style=\"color: #0000ff;\">Al muy poco tiempo, el due\u00f1o de estos Almacenes le ofreci\u00f3 trasladarse a Tortosa y seguir<\/span><br \/><span style=\"color: #0000ff;\">en una sucursal que ten\u00edan all\u00ed muy famosa y que mucha gente la recuerda como la Tienda de<\/span><br \/><span style=\"color: #0000ff;\">los Polacos.<\/span><br \/><span style=\"color: #0000ff;\">Al cabo de unos a\u00f1os se instal\u00f3 en Barcelona donde comenz\u00f3 a trabajar en un bar muy cerca<\/span><br \/><span style=\"color: #0000ff;\">de Correos.<\/span><br \/><span style=\"color: #0000ff;\">Seguidamente, se pudo comprar su primera moto,una Osa de 125cc., con la que recorri\u00f3 pueblos y<\/span><br \/><span style=\"color: #0000ff;\">ciudades vendiendo en mercadillos, &#8230;<\/span><br \/><span style=\"color: #0000ff;\">Todo esto lo combinada con el trabajo en el bar&#8230;e incluso<\/span><br \/><span style=\"color: #0000ff;\">como an\u00e9cdota les podemos decir que los viernes despu\u00e9s de servir cenas en el bar, se iba<\/span><br \/><span style=\"color: #0000ff;\">con la moto cargada de paquetes al mercadillo que hab\u00eda en Vallcarca (Sitges). Hac\u00eda esto,<\/span><br \/><span style=\"color: #0000ff;\">porque normalmente \u00e9l iba muy temprano por la ma\u00f1ana, pero siempre que llegaba al sitio<\/span><br \/><span style=\"color: #0000ff;\">donde ten\u00eda que montar la parada ya le hab\u00edan quitado el puesto,.. con lo que decidi\u00f3 que<\/span><br \/><span style=\"color: #0000ff;\">todos los d\u00edas que que le tocara ir a Vallcarca ir\u00eda a pasar la noche all\u00ed para que nadie le<\/span><br \/><span style=\"color: #0000ff;\">quitara su sitio y su ilusi\u00f3n de vender. Aunque \u00e9l siempre comenta que cuando despertaba al<\/span><br \/><span style=\"color: #0000ff;\">amanecer, como que Vallcarca se encuentra al lado de una fabrica de cemento, aparec\u00eda todo<\/span><br \/><span style=\"color: #0000ff;\">lleno de polvo lo cual era muy duro.<\/span><br \/><span style=\"color: #0000ff;\">Al final logr\u00f3 que las personas que le quitaban el sitio no se lo quitaran nunca m\u00e1s.<\/span><br \/><span style=\"color: #0000ff;\">M\u00e1s tarde, y como la venta le comenz\u00f3 a ir bien, decidi\u00f3 con algunos miembros de su familia<\/span><br \/><span style=\"color: #0000ff;\">comenzar una nueva etapa e instalarse en la Calle Ortigosa, 2 en la cual vend\u00eda productos<\/span><br \/><span style=\"color: #0000ff;\">textiles al mayor.<\/span><br \/><span style=\"color: #0000ff;\">Con los a\u00f1os este local se les qued\u00f3 peque\u00f1o y decidieron instalarse un poco m\u00e1s arriba de la<\/span><br \/><span style=\"color: #0000ff;\">calle, concretamente en Ortigosa, 14-16. Con el paso de los a\u00f1os los hijos siguieron su trabajo<\/span><br \/><span style=\"color: #0000ff;\">hasta el d\u00eda de hoy.<\/span><br \/><span style=\"color: #0000ff;\">De aqu\u00ed naci\u00f3 General Punt 2009, S.L., una Empresa con ganas de seguir el trabajo de<\/span><br \/><span style=\"color: #0000ff;\">much\u00edsimos a\u00f1os atr\u00e1s realizado por el Sr. Eloy Ruiz L\u00f3pez.<\/span><br \/><span style=\"color: #0000ff;\">Agradecemos a las personas que hacen posible el d\u00eda a d\u00eda de esta Empresa, y que desde hace<\/span><br \/><span style=\"color: #0000ff;\">muchos a\u00f1os siempre nos han apoyado. Agradecemos el trabajo inicial de Eloy Ruiz L\u00f3pez que<\/span><br \/><span style=\"color: #0000ff;\">sirvi\u00f3 de ejemplo y valent\u00eda para que haya gente que siga adelante en estos duros momentos.<\/span><br \/><span style=\"color: #0000ff;\">Gracias por conectar con nosotros y haber le\u00eddo este apartado muy importante para nosotros.<\/span><br \/><span style=\"color: #0000ff;\">\u00a1Nunca hay que olvidar los principios!<\/span><br \/><span style=\"color: #0000ff;\">Eloy Ruiz L\u00f3pez<\/span><br \/><span style=\"color: #0000ff;\">Mar\u00eda Dolores Ruiz Acedo<\/span><br \/><span style=\"color: #0000ff;\">Sandra Rosell Capit\u00e1n<\/span><br \/><span style=\"color: #0000ff;\">Jos\u00e9 Manuel Ruiz Acedo<\/span><\/p>\t\t\t\t\t\t<\/div>\n\t\t\t\t<\/div>\n\t\t\t\t<div class=\"elementor-element elementor-element-851cf3b elementor-align-right elementor-widget elementor-widget-button\" data-id=\"851cf3b\" data-element_type=\"widget\" data-widget_type=\"button.default\">\n\t\t\t\t<div class=\"elementor-widget-container\">\n\t\t\t\t\t\t\t<div class=\"elementor-button-wrapper\">\n\t\t\t\t\t<a class=\"elementor-button elementor-button-link elementor-size-sm\" href=\"https:\/\/generalpunt.com\/es_es\/\">\n\t\t\t\t\t\t<span class=\"elementor-button-content-wrapper\">\n\t\t\t\t\t\t<span class=\"elementor-button-icon\">\n\t\t\t\t<svg aria-hidden=\"true\" class=\"e-font-icon-svg e-far-arrow-alt-circle-left\" viewBox=\"0 0 512 512\" xmlns=\"http:\/\/www.w3.org\/2000\/svg\"><path d=\"M8 256c0 137 111 248 248 248s248-111 248-248S393 8 256 8 8 119 8 256zm448 0c0 110.5-89.5 200-200 200S56 366.5 56 256 145.5 56 256 56s200 89.5 200 200zm-72-20v40c0 6.6-5.4 12-12 12H256v67c0 10.7-12.9 16-20.5 8.5l-99-99c-4.7-4.7-4.7-12.3 0-17l99-99c7.6-7.6 20.5-2.2 20.5 8.5v67h116c6.6 0 12 5.4 12 12z\"><\/path><\/svg>\t\t\t<\/span>\n\t\t\t\t\t\t\t\t\t<span class=\"elementor-button-text\">Volver inicio<\/span>\n\t\t\t\t\t<\/span>\n\t\t\t\t\t<\/a>\n\t\t\t\t<\/div>\n\t\t\t\t\t\t<\/div>\n\t\t\t\t<\/div>\n\t\t\t\t\t<\/div>\n\t\t\t\t<\/div>\n\t\t<div class=\"elementor-element elementor-element-b957173 e-flex e-con-boxed e-con e-parent\" data-id=\"b957173\" data-element_type=\"container\">\n\t\t\t\t\t<div class=\"e-con-inner\">\n\t\t\t\t\t<\/div>\n\t\t\t\t<\/div>\n\t\t\t\t<\/div>\n\t\t","protected":false},"excerpt":{"rendered":"<p>HISTORIA Nuestro pasado se remonta a un pueblo llamado la Palma del Condado, all\u00ed el Sr. Eloy RuizL\u00f3pez (nuestro padre), comenz\u00f3 con su t\u00edo Gregorio L\u00f3pez Gal\u00e1n y con muy temprana edad al aprendizaje de la venta al p\u00fablico de todo tipo de tejidos, ropa interior, toallas, &#8230; en una\u00e9poca muy dura y de much\u00edsimo [&hellip;]<\/p>\n","protected":false},"author":2,"featured_media":0,"parent":0,"menu_order":0,"comment_status":"closed","ping_status":"closed","template":"","meta":{"site-sidebar-layout":"no-sidebar","site-content-layout":"page-builder","ast-site-content-layout":"full-width-container","site-content-style":"unboxed","site-sidebar-style":"unboxed","ast-global-header-display":"","ast-banner-title-visibility":"","ast-main-header-display":"disabled","ast-hfb-above-header-display":"","ast-hfb-below-header-display":"","ast-hfb-mobile-header-display":"disabled","site-post-title":"disabled","ast-breadcrumbs-content":"","ast-featured-img":"disabled","footer-sml-layout":"","theme-transparent-header-meta":"enabled","adv-header-id-meta":"","stick-header-meta":"","header-above-stick-meta":"","header-main-stick-meta":"","header-below-stick-meta":"","astra-migrate-meta-layouts":"set","ast-page-background-enabled":"default","ast-page-background-meta":{"desktop":{"background-color":"var(--ast-global-color-4)","background-image":"","background-repeat":"repeat","background-position":"center center","background-size":"auto","background-attachment":"scroll","background-type":"","background-media":"","overlay-type":"","overlay-color":"","overlay-opacity":"","overlay-gradient":""},"tablet":{"background-color":"","background-image":"","background-repeat":"repeat","background-position":"center center","background-size":"auto","background-attachment":"scroll","background-type":"","background-media":"","overlay-type":"","overlay-color":"","overlay-opacity":"","overlay-gradient":""},"mobile":{"background-color":"","background-image":"","background-repeat":"repeat","background-position":"center center","background-size":"auto","background-attachment":"scroll","background-type":"","background-media":"","overlay-type":"","overlay-color":"","overlay-opacity":"","overlay-gradient":""}},"ast-content-background-meta":{"desktop":{"background-color":"var(--ast-global-color-5)","background-image":"","background-repeat":"repeat","background-position":"center center","background-size":"auto","background-attachment":"scroll","background-type":"","background-media":"","overlay-type":"","overlay-color":"","overlay-opacity":"","overlay-gradient":""},"tablet":{"background-color":"var(--ast-global-color-5)","background-image":"","background-repeat":"repeat","background-position":"center center","background-size":"auto","background-attachment":"scroll","background-type":"","background-media":"","overlay-type":"","overlay-color":"","overlay-opacity":"","overlay-gradient":""},"mobile":{"background-color":"var(--ast-global-color-5)","background-image":"","background-repeat":"repeat","background-position":"center center","background-size":"auto","background-attachment":"scroll","background-type":"","background-media":"","overlay-type":"","overlay-color":"","overlay-opacity":"","overlay-gradient":""}},"_joinchat":[],"footnotes":""},"class_list":["post-1318","page","type-page","status-publish","hentry"],"_links":{"self":[{"href":"https:\/\/generalpunt.com\/es_es\/wp-json\/wp\/v2\/pages\/1318","targetHints":{"allow":["GET"]}}],"collection":[{"href":"https:\/\/generalpunt.com\/es_es\/wp-json\/wp\/v2\/pages"}],"about":[{"href":"https:\/\/generalpunt.com\/es_es\/wp-json\/wp\/v2\/types\/page"}],"author":[{"embeddable":true,"href":"https:\/\/generalpunt.com\/es_es\/wp-json\/wp\/v2\/users\/2"}],"replies":[{"embeddable":true,"href":"https:\/\/generalpunt.com\/es_es\/wp-json\/wp\/v2\/comments?post=1318"}],"version-history":[{"count":71,"href":"https:\/\/generalpunt.com\/es_es\/wp-json\/wp\/v2\/pages\/1318\/revisions"}],"predecessor-version":[{"id":2522,"href":"https:\/\/generalpunt.com\/es_es\/wp-json\/wp\/v2\/pages\/1318\/revisions\/2522"}],"wp:attachment":[{"href":"https:\/\/generalpunt.com\/es_es\/wp-json\/wp\/v2\/media?parent=1318"}],"curies":[{"name":"wp","href":"https:\/\/api.w.org\/{rel}","templated":true}]}}