{"id":1318,"date":"2024-11-07T17:41:51","date_gmt":"2024-11-07T17:41:51","guid":{"rendered":"https:\/\/generalpunt.live-website.com\/about\/"},"modified":"2024-11-27T10:21:29","modified_gmt":"2024-11-27T10:21:29","slug":"sobre-nosotros","status":"publish","type":"page","link":"https:\/\/generalpunt.com\/ca\/sobre-nosotros\/","title":{"rendered":"Sobre nosotros"},"content":{"rendered":"<div data-elementor-type=\"wp-page\" data-elementor-id=\"1318\" class=\"elementor elementor-1318\">\n\t\t\t\t<div class=\"elementor-element elementor-element-dcfb448 e-flex e-con-boxed e-con e-parent\" data-id=\"dcfb448\" data-element_type=\"container\" data-settings=\"{&quot;background_background&quot;:&quot;classic&quot;}\">\n\t\t\t\t\t<div class=\"e-con-inner\">\n\t\t<div class=\"elementor-element elementor-element-d21b7e0 e-flex e-con-boxed e-con e-child\" data-id=\"d21b7e0\" data-element_type=\"container\">\n\t\t\t\t\t<div class=\"e-con-inner\">\n\t\t\t\t\t<\/div>\n\t\t\t\t<\/div>\n\t\t\t\t\t<\/div>\n\t\t\t\t<\/div>\n\t\t<div class=\"elementor-element elementor-element-36b0b2a e-flex e-con-boxed e-con e-parent\" data-id=\"36b0b2a\" data-element_type=\"container\">\n\t\t\t\t\t<div class=\"e-con-inner\">\n\t\t\t\t<div class=\"elementor-element elementor-element-0ec1386 elementor-widget elementor-widget-text-editor\" data-id=\"0ec1386\" data-element_type=\"widget\" data-widget_type=\"text-editor.default\">\n\t\t\t\t<div class=\"elementor-widget-container\">\n\t\t\t\t\t\t\t<p><span style=\"text-decoration: underline; color: #0000ff;\"><strong>HIST\u00d2RIA<\/strong><\/span><\/p><p class=\" translation-block\">El nostre passat es remunta a un poble anomenat la Palma del Comtat, all\u00e0 el Sr. Eloy Ruiz\nL\u00f3pez (el nostre pare), va comen\u00e7ar amb el seu oncle Gregorio L\u00f3pez Gal\u00e1n i amb molta edat\na l'aprenentatge de la venda al p\u00fablic de tot tipus de teixits, roba interior, tovalloles, \u2026 en una\n\u00e8poca molt dura i de molt\u00edssima feina.\nM\u00e9s endavant i traslladant-se a Barcelona, \u200b\u200bva seguir el seu aprenentatge a Magatzems Everest,\nsituat al Carrer Hospital, 9.\nAl cap de poc temps, l'amo d'aquests Magatzems li va oferir traslladar-se a Tortosa i seguir\nen una sucursal que hi tenien molt famosa i que molta gent la recorda com la Botiga de\nels polonesos.\nAl cap d'uns anys es va instal\u00b7lar a Barcelona on va comen\u00e7ar a treballar a un bar molt a prop\nde Correus.\nSeguidament, es va poder comprar la seva primera moto, una \u00d3ssa de 125cc., amb la qual va rec\u00f3rrer pobles i\nciutats venent en mercats, \u2026\nTot aix\u00f2 ho combinada amb la feina al bar\u2026i fins i tot\ncom a an\u00e8cdota els podem dir que els divendres despr\u00e9s de servir sopars al bar, se n'anava\namb la moto carregada de paquets al mercat ambulant que hi havia a Vallcarca (Sitges). Feia aix\u00f2,\nperqu\u00e8 normalment ell anava molt d'hora al mat\u00ed, per\u00f2 sempre que arribava al lloc\non havia de muntar la parada ja li havien tret el lloc... amb el que va decidir que\ncada dia que li toqu\u00e9s anar a Vallcarca aniria a passar la nit all\u00e0 perqu\u00e8 ning\u00fa li\ntragu\u00e9s el seu lloc i la seva il\u00b7lusi\u00f3 de vendre. Encara que ell sempre comenta que quan despertava al\nclarejar, com que Vallcarca es troba al costat d'una f\u00e0brica de ciment, apareixia tot\nple de pols la qual cosa era molt dur.\nAl final va aconseguir que les persones que li treien el lloc no se'l traguessin mai m\u00e9s.\nM\u00e9s tard, i com que la venda li va comen\u00e7ar a anar b\u00e9, va decidir amb alguns membres de la seva fam\u00edlia\ncomen\u00e7ar una nova etapa i instal\u00b7lar-se al Carrer Ortigosa, 2 on venia productes\nt\u00e8xtils a l'engr\u00f2s.\nAmb els anys aquest local se'ls va quedar petit i van decidir instal\u00b7lar-se una mica m\u00e9s amunt de la\ncarrer, concretament a Ortigosa, 14-16. Amb el pas dels anys els fills van seguir la feina\nfins avui.\nD'aqu\u00ed va n\u00e9ixer General Punt 2009, S.L., una Empresa amb ganes de seguir el treball de\nmolt\u00edssims anys enrere realitzat pel Sr. Eloy Ruiz L\u00f3pez.\nAgra\u00efm a les persones que fan possible el dia a dia d\u00b4aquesta Empresa, i que des de fa\nmolts anys sempre ens han donat suport. Agra\u00efm el treball inicial d'Eloy Ruiz L\u00f3pez que\nva servir d'exemple i valentia perqu\u00e8 hi hagi gent que segueixi endavant en aquests moments durs.\nGr\u00e0cies per connectar amb nosaltres i haver llegit aquest apartat molt important per a nosaltres.\nNo cal oblidar mai els principis!\n\n\nEloy Ruiz L\u00f3pez\nMar\u00eda Dolores Ruiz Acedo\nSandra Rosell Capit\u00e1n\nJos\u00e9 Manuel Ruiz Acedo<\/p>\t\t\t\t\t\t<\/div>\n\t\t\t\t<\/div>\n\t\t\t\t<div class=\"elementor-element elementor-element-851cf3b elementor-align-right elementor-widget elementor-widget-button\" data-id=\"851cf3b\" data-element_type=\"widget\" data-widget_type=\"button.default\">\n\t\t\t\t<div class=\"elementor-widget-container\">\n\t\t\t\t\t\t\t<div class=\"elementor-button-wrapper\">\n\t\t\t\t\t<a class=\"elementor-button elementor-button-link elementor-size-sm\" href=\"https:\/\/generalpunt.com\/ca\/\">\n\t\t\t\t\t\t<span class=\"elementor-button-content-wrapper\">\n\t\t\t\t\t\t<span class=\"elementor-button-icon\">\n\t\t\t\t<svg aria-hidden=\"true\" class=\"e-font-icon-svg e-far-arrow-alt-circle-left\" viewbox=\"0 0 512 512\" xmlns=\"http:\/\/www.w3.org\/2000\/svg\"><path d=\"M8 256c0 137 111 248 248 248s248-111 248-248S393 8 256 8 8 119 8 256zm448 0c0 110.5-89.5 200-200 200S56 366.5 56 256 145.5 56 256 56s200 89.5 200 200zm-72-20v40c0 6.6-5.4 12-12 12H256v67c0 10.7-12.9 16-20.5 8.5l-99-99c-4.7-4.7-4.7-12.3 0-17l99-99c7.6-7.6 20.5-2.2 20.5 8.5v67h116c6.6 0 12 5.4 12 12z\"><\/path><\/svg>\t\t\t<\/span>\n\t\t\t\t\t\t\t\t\t<span class=\"elementor-button-text\">tornar a l'inici<\/span>\n\t\t\t\t\t<\/span>\n\t\t\t\t\t<\/a>\n\t\t\t\t<\/div>\n\t\t\t\t\t\t<\/div>\n\t\t\t\t<\/div>\n\t\t\t\t\t<\/div>\n\t\t\t\t<\/div>\n\t\t<div class=\"elementor-element elementor-element-b957173 e-flex e-con-boxed e-con e-parent\" data-id=\"b957173\" data-element_type=\"container\">\n\t\t\t\t\t<div class=\"e-con-inner\">\n\t\t\t\t\t<\/div>\n\t\t\t\t<\/div>\n\t\t\t\t<\/div>","protected":false},"excerpt":{"rendered":"<p>HISTORIA Nuestro pasado se remonta a un pueblo llamado la Palma del Condado, all\u00ed el Sr. Eloy RuizL\u00f3pez (nuestro padre), comenz\u00f3 con su t\u00edo Gregorio L\u00f3pez Gal\u00e1n y con muy temprana edad al aprendizaje de la venta al p\u00fablico de todo tipo de tejidos, ropa interior, toallas, &#8230; en una\u00e9poca muy dura y de much\u00edsimo [&hellip;]<\/p>","protected":false},"author":2,"featured_media":0,"parent":0,"menu_order":0,"comment_status":"closed","ping_status":"closed","template":"","meta":{"site-sidebar-layout":"no-sidebar","site-content-layout":"page-builder","ast-site-content-layout":"full-width-container","site-content-style":"unboxed","site-sidebar-style":"unboxed","ast-global-header-display":"","ast-banner-title-visibility":"","ast-main-header-display":"disabled","ast-hfb-above-header-display":"","ast-hfb-below-header-display":"","ast-hfb-mobile-header-display":"disabled","site-post-title":"disabled","ast-breadcrumbs-content":"","ast-featured-img":"disabled","footer-sml-layout":"","theme-transparent-header-meta":"enabled","adv-header-id-meta":"","stick-header-meta":"","header-above-stick-meta":"","header-main-stick-meta":"","header-below-stick-meta":"","astra-migrate-meta-layouts":"set","ast-page-background-enabled":"default","ast-page-background-meta":{"desktop":{"background-color":"var(--ast-global-color-4)","background-image":"","background-repeat":"repeat","background-position":"center center","background-size":"auto","background-attachment":"scroll","background-type":"","background-media":"","overlay-type":"","overlay-color":"","overlay-opacity":"","overlay-gradient":""},"tablet":{"background-color":"","background-image":"","background-repeat":"repeat","background-position":"center center","background-size":"auto","background-attachment":"scroll","background-type":"","background-media":"","overlay-type":"","overlay-color":"","overlay-opacity":"","overlay-gradient":""},"mobile":{"background-color":"","background-image":"","background-repeat":"repeat","background-position":"center center","background-size":"auto","background-attachment":"scroll","background-type":"","background-media":"","overlay-type":"","overlay-color":"","overlay-opacity":"","overlay-gradient":""}},"ast-content-background-meta":{"desktop":{"background-color":"var(--ast-global-color-5)","background-image":"","background-repeat":"repeat","background-position":"center center","background-size":"auto","background-attachment":"scroll","background-type":"","background-media":"","overlay-type":"","overlay-color":"","overlay-opacity":"","overlay-gradient":""},"tablet":{"background-color":"var(--ast-global-color-5)","background-image":"","background-repeat":"repeat","background-position":"center center","background-size":"auto","background-attachment":"scroll","background-type":"","background-media":"","overlay-type":"","overlay-color":"","overlay-opacity":"","overlay-gradient":""},"mobile":{"background-color":"var(--ast-global-color-5)","background-image":"","background-repeat":"repeat","background-position":"center center","background-size":"auto","background-attachment":"scroll","background-type":"","background-media":"","overlay-type":"","overlay-color":"","overlay-opacity":"","overlay-gradient":""}},"_joinchat":[],"footnotes":""},"class_list":["post-1318","page","type-page","status-publish","hentry"],"_links":{"self":[{"href":"https:\/\/generalpunt.com\/ca\/wp-json\/wp\/v2\/pages\/1318","targetHints":{"allow":["GET"]}}],"collection":[{"href":"https:\/\/generalpunt.com\/ca\/wp-json\/wp\/v2\/pages"}],"about":[{"href":"https:\/\/generalpunt.com\/ca\/wp-json\/wp\/v2\/types\/page"}],"author":[{"embeddable":true,"href":"https:\/\/generalpunt.com\/ca\/wp-json\/wp\/v2\/users\/2"}],"replies":[{"embeddable":true,"href":"https:\/\/generalpunt.com\/ca\/wp-json\/wp\/v2\/comments?post=1318"}],"version-history":[{"count":71,"href":"https:\/\/generalpunt.com\/ca\/wp-json\/wp\/v2\/pages\/1318\/revisions"}],"predecessor-version":[{"id":2522,"href":"https:\/\/generalpunt.com\/ca\/wp-json\/wp\/v2\/pages\/1318\/revisions\/2522"}],"wp:attachment":[{"href":"https:\/\/generalpunt.com\/ca\/wp-json\/wp\/v2\/media?parent=1318"}],"curies":[{"name":"wp","href":"https:\/\/api.w.org\/{rel}","templated":true}]}}